{"id":454,"date":"2023-03-23T18:59:02","date_gmt":"2023-03-23T18:59:02","guid":{"rendered":"https:\/\/fleurymichonamerica.com\/home\/"},"modified":"2024-01-16T09:11:09","modified_gmt":"2024-01-16T09:11:09","slug":"home","status":"publish","type":"page","link":"https:\/\/fleurymichonamerica.com\/fr\/","title":{"rendered":"Home"},"content":{"rendered":"\t\t<div data-elementor-type=\"wp-post\" data-elementor-id=\"454\" class=\"elementor elementor-454 elementor-9\" data-elementor-post-type=\"page\">\n\t\t\t\t<div class=\"elementor-element elementor-element-fe7cd02 e-con-full e-flex e-con e-parent\" data-id=\"fe7cd02\" data-element_type=\"container\" data-e-type=\"container\" data-settings=\"{&quot;background_background&quot;:&quot;video&quot;,&quot;background_video_link&quot;:&quot;https:\\\/\\\/fleurymichonamerica.com\\\/wp-content\\\/uploads\\\/2023\\\/03\\\/FMA-header-FR.mp4&quot;,&quot;background_play_on_mobile&quot;:&quot;yes&quot;}\">\n\t\t<div class=\"elementor-background-video-container\">\n\t\t\t\t\t\t\t<video class=\"elementor-background-video-hosted\" role=\"presentation\" autoplay muted playsinline loop><\/video>\n\t\t\t\t\t<\/div><div class=\"elementor-element elementor-element-d66526d e-con-full e-flex e-con e-child\" data-id=\"d66526d\" data-element_type=\"container\" data-e-type=\"container\">\n\t\t\t\t<div class=\"elementor-element elementor-element-53ba308 elementor-align-center elementor-widget elementor-widget-button\" data-id=\"53ba308\" data-element_type=\"widget\" data-e-type=\"widget\" data-widget_type=\"button.default\">\n\t\t\t\t<div class=\"elementor-widget-container\">\n\t\t\t\t\t\t\t\t\t<div class=\"elementor-button-wrapper\">\n\t\t\t\t\t<a class=\"elementor-button elementor-button-link elementor-size-sm\" href=\"#letsmakeit\">\n\t\t\t\t\t\t<span class=\"elementor-button-content-wrapper\">\n\t\t\t\t\t\t<span class=\"elementor-button-icon\">\n\t\t\t\t<i aria-hidden=\"true\" class=\"fas fa-long-arrow-alt-down\"><\/i>\t\t\t<\/span>\n\t\t\t\t\t\t\t\t<\/span>\n\t\t\t\t\t<\/a>\n\t\t\t\t<\/div>\n\t\t\t\t\t\t\t\t<\/div>\n\t\t\t\t<\/div>\n\t\t\t\t<\/div>\n\t\t\t\t<\/div>\n\t\t<div class=\"elementor-element elementor-element-f3521d6 e-flex e-con-boxed e-con e-parent\" data-id=\"f3521d6\" data-element_type=\"container\" data-e-type=\"container\" id=\"letsmakeit\" data-settings=\"{&quot;background_background&quot;:&quot;classic&quot;}\">\n\t\t\t\t\t<div class=\"e-con-inner\">\n\t\t<div class=\"elementor-element elementor-element-2461ed5 e-con-full e-flex e-con e-child\" data-id=\"2461ed5\" data-element_type=\"container\" data-e-type=\"container\">\n\t\t\t\t<div class=\"elementor-element elementor-element-bf8f02d elementor-widget elementor-widget-heading\" data-id=\"bf8f02d\" data-element_type=\"widget\" data-e-type=\"widget\" data-widget_type=\"heading.default\">\n\t\t\t\t<div class=\"elementor-widget-container\">\n\t\t\t\t\t<h1 class=\"elementor-heading-title elementor-size-default\"> Cuisinons<br>mieux<\/h1>\t\t\t\t<\/div>\n\t\t\t\t<\/div>\n\t\t\t\t<div class=\"elementor-element elementor-element-b743685 elementor-widget elementor-widget-heading\" data-id=\"b743685\" data-element_type=\"widget\" data-e-type=\"widget\" data-widget_type=\"heading.default\">\n\t\t\t\t<div class=\"elementor-widget-container\">\n\t\t\t\t\t<h2 class=\"elementor-heading-title elementor-size-default\">ensemble<\/h2>\t\t\t\t<\/div>\n\t\t\t\t<\/div>\n\t\t\t\t<\/div>\n\t\t<div class=\"elementor-element elementor-element-2f56204 e-con-full e-flex e-con e-child\" data-id=\"2f56204\" data-element_type=\"container\" data-e-type=\"container\">\n\t\t\t\t<div class=\"elementor-element elementor-element-3778815 elementor-widget elementor-widget-text-editor\" data-id=\"3778815\" data-element_type=\"widget\" data-e-type=\"widget\" data-widget_type=\"text-editor.default\">\n\t\t\t\t<div class=\"elementor-widget-container\">\n\t\t\t\t\t\t\t\t\t<p><b>Artisan Industriel.<\/b> Nous sommes engag\u00e9s envers <b>l\u2019innovation culinaire<\/b> et visons <b>l\u2019excellence<\/b> dans l\u2019ex\u00e9cution de nos proc\u00e9d\u00e9s industriels. Nos \u00e9quipes cr\u00e9ent des solutions repas adapt\u00e9es aux <b>besoins de nos clients<\/b> tout en respectant <b>les plus hautes normes de s\u00e9curit\u00e9 alimentaire.<\/b><\/p>\n\t\t\t\t\t\t\t\t<\/div>\n\t\t\t\t<\/div>\n\t\t\t\t<div class=\"elementor-element elementor-element-061ff43 elementor-widget elementor-widget-button\" data-id=\"061ff43\" data-element_type=\"widget\" data-e-type=\"widget\" data-widget_type=\"button.default\">\n\t\t\t\t<div class=\"elementor-widget-container\">\n\t\t\t\t\t\t\t\t\t<div class=\"elementor-button-wrapper\">\n\t\t\t\t\t<a class=\"elementor-button elementor-button-link elementor-size-sm\" href=\"https:\/\/fleurymichonamerica.com\/fr\/a-propos\/\">\n\t\t\t\t\t\t<span class=\"elementor-button-content-wrapper\">\n\t\t\t\t\t\t<span class=\"elementor-button-icon\">\n\t\t\t\t<i aria-hidden=\"true\" class=\"fas fa-long-arrow-alt-right\"><\/i>\t\t\t<\/span>\n\t\t\t\t\t\t\t\t\t<span class=\"elementor-button-text\">Lire plus<\/span>\n\t\t\t\t\t<\/span>\n\t\t\t\t\t<\/a>\n\t\t\t\t<\/div>\n\t\t\t\t\t\t\t\t<\/div>\n\t\t\t\t<\/div>\n\t\t\t\t<\/div>\n\t\t\t\t\t<\/div>\n\t\t\t\t<\/div>\n\t\t<div class=\"elementor-element elementor-element-a15b1ab e-flex e-con-boxed e-con e-parent\" data-id=\"a15b1ab\" data-element_type=\"container\" data-e-type=\"container\">\n\t\t\t\t\t<div class=\"e-con-inner\">\n\t\t<div class=\"elementor-element elementor-element-8e5d46c e-con-full e-flex e-con e-child\" data-id=\"8e5d46c\" data-element_type=\"container\" data-e-type=\"container\">\n\t\t\t\t<div class=\"elementor-element elementor-element-8731215 elementor-widget-divider--view-line elementor-widget elementor-widget-divider\" data-id=\"8731215\" data-element_type=\"widget\" data-e-type=\"widget\" data-widget_type=\"divider.default\">\n\t\t\t\t<div class=\"elementor-widget-container\">\n\t\t\t\t\t\t\t<div class=\"elementor-divider\">\n\t\t\t<span class=\"elementor-divider-separator\">\n\t\t\t\t\t\t<\/span>\n\t\t<\/div>\n\t\t\t\t\t\t<\/div>\n\t\t\t\t<\/div>\n\t\t\t\t<\/div>\n\t\t\t\t\t<\/div>\n\t\t\t\t<\/div>\n\t\t<div class=\"elementor-element elementor-element-2ffcefd e-flex e-con-boxed e-con e-parent\" data-id=\"2ffcefd\" data-element_type=\"container\" data-e-type=\"container\">\n\t\t\t\t\t<div class=\"e-con-inner\">\n\t\t\t\t<div class=\"elementor-element elementor-element-c3f83c7 elementor-widget elementor-widget-heading\" data-id=\"c3f83c7\" data-element_type=\"widget\" data-e-type=\"widget\" data-widget_type=\"heading.default\">\n\t\t\t\t<div class=\"elementor-widget-container\">\n\t\t\t\t\t<h2 class=\"elementor-heading-title elementor-size-default\">Nos secteurs<\/h2>\t\t\t\t<\/div>\n\t\t\t\t<\/div>\n\t\t<div class=\"elementor-element elementor-element-da626c3 e-flex e-con-boxed e-con e-child\" data-id=\"da626c3\" data-element_type=\"container\" data-e-type=\"container\">\n\t\t\t\t\t<div class=\"e-con-inner\">\n\t\t\t\t<div class=\"elementor-element elementor-element-f477580 elementor-widget elementor-widget-text-editor\" data-id=\"f477580\" data-element_type=\"widget\" data-e-type=\"widget\" data-widget_type=\"text-editor.default\">\n\t\t\t\t<div class=\"elementor-widget-container\">\n\t\t\t\t\t\t\t\t\t<p><b>Avec nos clients<\/b>, nous nous effor\u00e7ons de r\u00e9ussir. Il n\u2019y a pas de compromis sur les diff\u00e9rentes composantes qui constituent <b>la qualit\u00e9 des repas.<\/b> Nous conseillons une approche globale : <b>de l\u2019inventaire \u00e0 la mise en \u0153uvre.<\/b><\/p>\n\t\t\t\t\t\t\t\t<\/div>\n\t\t\t\t<\/div>\n\t\t\t\t\t<\/div>\n\t\t\t\t<\/div>\n\t\t\t\t\t<\/div>\n\t\t\t\t<\/div>\n\t\t<div class=\"elementor-element elementor-element-c704111 e-flex e-con-boxed e-con e-parent\" data-id=\"c704111\" data-element_type=\"container\" data-e-type=\"container\" data-settings=\"{&quot;background_background&quot;:&quot;classic&quot;}\">\n\t\t\t\t\t<div class=\"e-con-inner\">\n\t\t<div class=\"elementor-element elementor-element-3cd35d8 e-con-full e-flex e-con e-child\" data-id=\"3cd35d8\" data-element_type=\"container\" data-e-type=\"container\">\n\t\t\t\t<div class=\"elementor-element elementor-element-78ea190 elementor-widget elementor-widget-image\" data-id=\"78ea190\" data-element_type=\"widget\" data-e-type=\"widget\" data-widget_type=\"image.default\">\n\t\t\t\t<div class=\"elementor-widget-container\">\n\t\t\t\t\t\t\t\t\t\t\t\t\t\t\t<img fetchpriority=\"high\" decoding=\"async\" width=\"800\" height=\"535\" src=\"https:\/\/fleurymichonamerica.com\/wp-content\/uploads\/2023\/04\/travel.png\" class=\"attachment-large size-large wp-image-403\" alt=\"\" srcset=\"https:\/\/fleurymichonamerica.com\/wp-content\/uploads\/2023\/04\/travel.png 800w, https:\/\/fleurymichonamerica.com\/wp-content\/uploads\/2023\/04\/travel-300x201.png 300w, https:\/\/fleurymichonamerica.com\/wp-content\/uploads\/2023\/04\/travel-768x514.png 768w\" sizes=\"(max-width: 800px) 100vw, 800px\" \/>\t\t\t\t\t\t\t\t\t\t\t\t\t\t\t<\/div>\n\t\t\t\t<\/div>\n\t\t\t\t<\/div>\n\t\t<div class=\"elementor-element elementor-element-877b178 e-con-full e-flex e-con e-child\" data-id=\"877b178\" data-element_type=\"container\" data-e-type=\"container\" data-settings=\"{&quot;background_background&quot;:&quot;classic&quot;}\">\n\t\t\t\t<div class=\"elementor-element elementor-element-bb91908 elementor-widget elementor-widget-heading\" data-id=\"bb91908\" data-element_type=\"widget\" data-e-type=\"widget\" data-widget_type=\"heading.default\">\n\t\t\t\t<div class=\"elementor-widget-container\">\n\t\t\t\t\t<h3 class=\"elementor-heading-title elementor-size-default\"><span style=\"font-weight: normal\">FMA<\/span><br><b>Hospitalit\u00e9.<\/b><\/h3>\t\t\t\t<\/div>\n\t\t\t\t<\/div>\n\t\t\t\t<div class=\"elementor-element elementor-element-4b1aeee elementor-widget elementor-widget-text-editor\" data-id=\"4b1aeee\" data-element_type=\"widget\" data-e-type=\"widget\" data-widget_type=\"text-editor.default\">\n\t\t\t\t<div class=\"elementor-widget-container\">\n\t\t\t\t\t\t\t\t\t<p>L\u00e0 o\u00f9 les gens voyagent, nous voyageons avec eux. Nos chefs ont prouv\u00e9 \u00e0 maintes reprises qu\u2019il y a beaucoup plus \u00e0 go\u00fbter, que le mot go\u00fbt lui-m\u00eame. Ils mettent en place des concepts alimentaires sur mesure. Dans les airs, sur la mer ou dans le train. Ces superbes cr\u00e9ations, permettent aux voyageurs de se pr\u00e9lasser en savourant un bon plat.<\/p>\n\t\t\t\t\t\t\t\t<\/div>\n\t\t\t\t<\/div>\n\t\t\t\t<div class=\"elementor-element elementor-element-3f1c819 btn-travel elementor-widget elementor-widget-button\" data-id=\"3f1c819\" data-element_type=\"widget\" data-e-type=\"widget\" data-widget_type=\"button.default\">\n\t\t\t\t<div class=\"elementor-widget-container\">\n\t\t\t\t\t\t\t\t\t<div class=\"elementor-button-wrapper\">\n\t\t\t\t\t<a class=\"elementor-button elementor-button-link elementor-size-sm\" href=\"https:\/\/fleurymichonamerica.com\/fr\/hospitalite\/\">\n\t\t\t\t\t\t<span class=\"elementor-button-content-wrapper\">\n\t\t\t\t\t\t<span class=\"elementor-button-icon\">\n\t\t\t\t<i aria-hidden=\"true\" class=\"fas fa-long-arrow-alt-right\"><\/i>\t\t\t<\/span>\n\t\t\t\t\t\t\t\t\t<span class=\"elementor-button-text\">Lire plus<\/span>\n\t\t\t\t\t<\/span>\n\t\t\t\t\t<\/a>\n\t\t\t\t<\/div>\n\t\t\t\t\t\t\t\t<\/div>\n\t\t\t\t<\/div>\n\t\t\t\t<\/div>\n\t\t\t\t\t<\/div>\n\t\t\t\t<\/div>\n\t\t<div class=\"elementor-element elementor-element-cddd6ce e-flex e-con-boxed e-con e-parent\" data-id=\"cddd6ce\" data-element_type=\"container\" data-e-type=\"container\" data-settings=\"{&quot;background_background&quot;:&quot;classic&quot;}\">\n\t\t\t\t\t<div class=\"e-con-inner\">\n\t\t<div class=\"elementor-element elementor-element-092dd19 e-con-full e-flex e-con e-child\" data-id=\"092dd19\" data-element_type=\"container\" data-e-type=\"container\">\n\t\t\t\t<div class=\"elementor-element elementor-element-2609a7c elementor-widget elementor-widget-image\" data-id=\"2609a7c\" data-element_type=\"widget\" data-e-type=\"widget\" data-widget_type=\"image.default\">\n\t\t\t\t<div class=\"elementor-widget-container\">\n\t\t\t\t\t\t\t\t\t\t\t\t\t\t\t<img decoding=\"async\" width=\"800\" height=\"535\" src=\"https:\/\/fleurymichonamerica.com\/wp-content\/uploads\/2023\/04\/foodservice.png\" class=\"attachment-large size-large wp-image-414\" alt=\"\" srcset=\"https:\/\/fleurymichonamerica.com\/wp-content\/uploads\/2023\/04\/foodservice.png 800w, https:\/\/fleurymichonamerica.com\/wp-content\/uploads\/2023\/04\/foodservice-300x201.png 300w, https:\/\/fleurymichonamerica.com\/wp-content\/uploads\/2023\/04\/foodservice-768x514.png 768w\" sizes=\"(max-width: 800px) 100vw, 800px\" \/>\t\t\t\t\t\t\t\t\t\t\t\t\t\t\t<\/div>\n\t\t\t\t<\/div>\n\t\t\t\t<\/div>\n\t\t<div class=\"elementor-element elementor-element-3ecbd42 e-con-full e-flex e-con e-child\" data-id=\"3ecbd42\" data-element_type=\"container\" data-e-type=\"container\" data-settings=\"{&quot;background_background&quot;:&quot;classic&quot;}\">\n\t\t\t\t<div class=\"elementor-element elementor-element-1e332a0 elementor-widget elementor-widget-heading\" data-id=\"1e332a0\" data-element_type=\"widget\" data-e-type=\"widget\" data-widget_type=\"heading.default\">\n\t\t\t\t<div class=\"elementor-widget-container\">\n\t\t\t\t\t<h3 class=\"elementor-heading-title elementor-size-default\"><span style=\"font-weight: normal\">FMA<\/span><br><b>Service alimentaire.<\/b><\/h3>\t\t\t\t<\/div>\n\t\t\t\t<\/div>\n\t\t\t\t<div class=\"elementor-element elementor-element-21f33e0 elementor-widget elementor-widget-text-editor\" data-id=\"21f33e0\" data-element_type=\"widget\" data-e-type=\"widget\" data-widget_type=\"text-editor.default\">\n\t\t\t\t<div class=\"elementor-widget-container\">\n\t\t\t\t\t\t\t\t\t<p>Nous avons une solution sur mesure pour chaque situation. Toujours quelque chose de nutritif mais vraiment savoureux, et cr\u00e9\u00e9 enti\u00e8rement pour r\u00e9pondre \u00e0 vos besoins sp\u00e9cifiques. Nous sommes flexibles. Nos concepts alimentaires peuvent \u00eatre d\u00e9ploy\u00e9s \u00e0 petite \u00e9chelle, ou \u00e0 grande \u00e9chelle, selon vos besoins. Savoureux et plein de nutriments, vous donnant juste ce qu\u2019il vous faut pour continuer.<\/p>\n\t\t\t\t\t\t\t\t<\/div>\n\t\t\t\t<\/div>\n\t\t\t\t<div class=\"elementor-element elementor-element-34e8501 btn-travel elementor-widget elementor-widget-button\" data-id=\"34e8501\" data-element_type=\"widget\" data-e-type=\"widget\" data-widget_type=\"button.default\">\n\t\t\t\t<div class=\"elementor-widget-container\">\n\t\t\t\t\t\t\t\t\t<div class=\"elementor-button-wrapper\">\n\t\t\t\t\t<a class=\"elementor-button elementor-button-link elementor-size-sm\" href=\"https:\/\/fleurymichonamerica.com\/fr\/service-alimentaire\/\">\n\t\t\t\t\t\t<span class=\"elementor-button-content-wrapper\">\n\t\t\t\t\t\t<span class=\"elementor-button-icon\">\n\t\t\t\t<i aria-hidden=\"true\" class=\"fas fa-long-arrow-alt-right\"><\/i>\t\t\t<\/span>\n\t\t\t\t\t\t\t\t\t<span class=\"elementor-button-text\">Lire plus<\/span>\n\t\t\t\t\t<\/span>\n\t\t\t\t\t<\/a>\n\t\t\t\t<\/div>\n\t\t\t\t\t\t\t\t<\/div>\n\t\t\t\t<\/div>\n\t\t\t\t<\/div>\n\t\t\t\t\t<\/div>\n\t\t\t\t<\/div>\n\t\t<div class=\"elementor-element elementor-element-80db75b e-flex e-con-boxed e-con e-parent\" data-id=\"80db75b\" data-element_type=\"container\" data-e-type=\"container\" data-settings=\"{&quot;background_background&quot;:&quot;classic&quot;}\">\n\t\t\t\t\t<div class=\"e-con-inner\">\n\t\t<div class=\"elementor-element elementor-element-863fdd1 e-con-full e-flex e-con e-child\" data-id=\"863fdd1\" data-element_type=\"container\" data-e-type=\"container\">\n\t\t\t\t<div class=\"elementor-element elementor-element-d965fbb elementor-widget elementor-widget-image\" data-id=\"d965fbb\" data-element_type=\"widget\" data-e-type=\"widget\" data-widget_type=\"image.default\">\n\t\t\t\t<div class=\"elementor-widget-container\">\n\t\t\t\t\t\t\t\t\t\t\t\t\t\t\t<img decoding=\"async\" width=\"800\" height=\"535\" src=\"https:\/\/fleurymichonamerica.com\/wp-content\/uploads\/2023\/04\/retail.png\" class=\"attachment-large size-large wp-image-416\" alt=\"\" srcset=\"https:\/\/fleurymichonamerica.com\/wp-content\/uploads\/2023\/04\/retail.png 800w, https:\/\/fleurymichonamerica.com\/wp-content\/uploads\/2023\/04\/retail-300x201.png 300w, https:\/\/fleurymichonamerica.com\/wp-content\/uploads\/2023\/04\/retail-768x514.png 768w\" sizes=\"(max-width: 800px) 100vw, 800px\" \/>\t\t\t\t\t\t\t\t\t\t\t\t\t\t\t<\/div>\n\t\t\t\t<\/div>\n\t\t\t\t<\/div>\n\t\t<div class=\"elementor-element elementor-element-f52b955 e-con-full e-flex e-con e-child\" data-id=\"f52b955\" data-element_type=\"container\" data-e-type=\"container\" data-settings=\"{&quot;background_background&quot;:&quot;classic&quot;}\">\n\t\t\t\t<div class=\"elementor-element elementor-element-2588ba1 elementor-widget elementor-widget-heading\" data-id=\"2588ba1\" data-element_type=\"widget\" data-e-type=\"widget\" data-widget_type=\"heading.default\">\n\t\t\t\t<div class=\"elementor-widget-container\">\n\t\t\t\t\t<h3 class=\"elementor-heading-title elementor-size-default\"><span style=\"font-weight: normal\">FMA<\/span><br><b>Commerce de d\u00e9tail.<\/b><\/h3>\t\t\t\t<\/div>\n\t\t\t\t<\/div>\n\t\t\t\t<div class=\"elementor-element elementor-element-4a8b093 elementor-widget elementor-widget-text-editor\" data-id=\"4a8b093\" data-element_type=\"widget\" data-e-type=\"widget\" data-widget_type=\"text-editor.default\">\n\t\t\t\t<div class=\"elementor-widget-container\">\n\t\t\t\t\t\t\t\t\t<p>Nous sommes extr\u00eamement fiers d\u2019avoir une belle installation \u00e0 la pointe de la technologie au Canada, tr\u00e8s recherch\u00e9e pour augmenter la production de diff\u00e9rentes marques de commerce alimentaires. Nous savons exactement quoi faire et comment aller plus loin.<\/p>\n\t\t\t\t\t\t\t\t<\/div>\n\t\t\t\t<\/div>\n\t\t\t\t<div class=\"elementor-element elementor-element-555ac47 btn-travel elementor-widget elementor-widget-button\" data-id=\"555ac47\" data-element_type=\"widget\" data-e-type=\"widget\" data-widget_type=\"button.default\">\n\t\t\t\t<div class=\"elementor-widget-container\">\n\t\t\t\t\t\t\t\t\t<div class=\"elementor-button-wrapper\">\n\t\t\t\t\t<a class=\"elementor-button elementor-button-link elementor-size-sm\" href=\"https:\/\/fleurymichonamerica.com\/fr\/commerce-de-detail\/\">\n\t\t\t\t\t\t<span class=\"elementor-button-content-wrapper\">\n\t\t\t\t\t\t<span class=\"elementor-button-icon\">\n\t\t\t\t<i aria-hidden=\"true\" class=\"fas fa-long-arrow-alt-right\"><\/i>\t\t\t<\/span>\n\t\t\t\t\t\t\t\t\t<span class=\"elementor-button-text\">Lire plus<\/span>\n\t\t\t\t\t<\/span>\n\t\t\t\t\t<\/a>\n\t\t\t\t<\/div>\n\t\t\t\t\t\t\t\t<\/div>\n\t\t\t\t<\/div>\n\t\t\t\t<\/div>\n\t\t\t\t\t<\/div>\n\t\t\t\t<\/div>\n\t\t\t\t<\/div>\n\t\t","protected":false},"excerpt":{"rendered":"<p>Cuisinonsmieux ensemble Artisan Industriel. Nous sommes engag\u00e9s envers l\u2019innovation culinaire et visons l\u2019excellence dans l\u2019ex\u00e9cution de nos proc\u00e9d\u00e9s industriels. Nos \u00e9quipes cr\u00e9ent des solutions repas adapt\u00e9es aux besoins de nos clients tout en respectant les plus hautes normes de s\u00e9curit\u00e9 alimentaire. Lire plus Nos secteurs Avec nos clients, nous nous effor\u00e7ons de r\u00e9ussir. Il n\u2019y [&hellip;]<\/p>\n","protected":false},"author":1,"featured_media":0,"parent":0,"menu_order":0,"comment_status":"closed","ping_status":"closed","template":"elementor_header_footer","meta":{"_acf_changed":false,"footnotes":""},"class_list":["post-454","page","type-page","status-publish","hentry"],"acf":[],"_links":{"self":[{"href":"https:\/\/fleurymichonamerica.com\/fr\/wp-json\/wp\/v2\/pages\/454","targetHints":{"allow":["GET"]}}],"collection":[{"href":"https:\/\/fleurymichonamerica.com\/fr\/wp-json\/wp\/v2\/pages"}],"about":[{"href":"https:\/\/fleurymichonamerica.com\/fr\/wp-json\/wp\/v2\/types\/page"}],"author":[{"embeddable":true,"href":"https:\/\/fleurymichonamerica.com\/fr\/wp-json\/wp\/v2\/users\/1"}],"replies":[{"embeddable":true,"href":"https:\/\/fleurymichonamerica.com\/fr\/wp-json\/wp\/v2\/comments?post=454"}],"version-history":[{"count":32,"href":"https:\/\/fleurymichonamerica.com\/fr\/wp-json\/wp\/v2\/pages\/454\/revisions"}],"predecessor-version":[{"id":1068,"href":"https:\/\/fleurymichonamerica.com\/fr\/wp-json\/wp\/v2\/pages\/454\/revisions\/1068"}],"wp:attachment":[{"href":"https:\/\/fleurymichonamerica.com\/fr\/wp-json\/wp\/v2\/media?parent=454"}],"curies":[{"name":"wp","href":"https:\/\/api.w.org\/{rel}","templated":true}]}}